{"id":1181,"date":"2026-02-02T17:42:55","date_gmt":"2026-02-02T16:42:55","guid":{"rendered":"https:\/\/bassbus.pl\/?post_type=product&#038;p=1181"},"modified":"2026-02-10T22:23:29","modified_gmt":"2026-02-10T21:23:29","slug":"bassbus-booking-rezerwacja","status":"publish","type":"product","link":"https:\/\/bassbus.pl\/en\/product\/bassbus-booking-rezerwacja\/","title":{"rendered":"BassBus Rezerwacja"},"content":{"rendered":"<h2 data-start=\"47\" data-end=\"107\">Rezerwacja Bass Bus na Twoj\u0105 Imprez\u0119 Okoliczno\u015bciow\u0105<\/h2>\n<p data-start=\"109\" data-end=\"410\">Wyobra\u017a sobie imprez\u0119, o kt\u00f3rej m\u00f3wi si\u0119 jeszcze d\u0142ugo po jej zako\u0144czeniu\u2026<br data-start=\"183\" data-end=\"186\" \/>\u015awiat\u0142a, pot\u0119\u017cne brzmienie, klubowy klimat i parkiet na k\u00f3\u0142kach. <strong data-start=\"251\" data-end=\"263\">Bass Bus<\/strong> to nie jest zwyk\u0142y transport \u2014 to <strong data-start=\"298\" data-end=\"341\">mobilna scena, klub i festiwal w jednym<\/strong>, kt\u00f3ry przyje\u017cd\u017ca dok\u0142adnie tam, gdzie zaczyna si\u0119 Twoje wydarzenie.<\/p>\n<p data-start=\"412\" data-end=\"625\">Urodziny, wiecz\u00f3r kawalerski lub panie\u0144ski, event firmowy, after party, a mo\u017ce totalnie szalona niespodzianka?<br data-start=\"522\" data-end=\"525\" \/>Z nami ka\u017cda okazja zamienia si\u0119 w <strong data-start=\"560\" data-end=\"618\">niezapomnian\u0105 podr\u00f3\u017c przez najlepsze klubowe brzmienia<\/strong><\/p>\n<p data-start=\"627\" data-end=\"760\">Profesjonalne nag\u0142o\u015bnienie, DJ set, o\u015bwietlenie i niepowtarzalny klimat sprawiaj\u0105, \u017ce Bass Bus to do\u015bwiadczenie, a nie tylko impreza.<\/p>\n<hr data-start=\"762\" data-end=\"765\" \/>\n<h2 data-start=\"767\" data-end=\"786\">Koszt wynajmu<\/h2>\n<ul data-start=\"788\" data-end=\"1026\">\n<li data-start=\"788\" data-end=\"839\">\n<p data-start=\"790\" data-end=\"839\"><strong data-start=\"790\" data-end=\"816\">Cena wynajmu Bass Bus:<\/strong> <strong data-start=\"817\" data-end=\"837\">900 z\u0142 \/ godzina<\/strong><\/p>\n<\/li>\n<li data-start=\"840\" data-end=\"885\">\n<p data-start=\"842\" data-end=\"885\"><strong data-start=\"842\" data-end=\"869\">Minimalny czas wynajmu:<\/strong> <strong data-start=\"870\" data-end=\"883\">4 godziny<\/strong><\/p>\n<\/li>\n<li data-start=\"886\" data-end=\"984\">\n<p data-start=\"888\" data-end=\"984\"><strong data-start=\"888\" data-end=\"915\">Dodatkowy koszt dojazdu<\/strong> ustalany jest indywidualnie w zale\u017cno\u015bci od lokalizacji wydarzenia<\/p>\n<\/li>\n<li data-start=\"985\" data-end=\"1026\">\n<p data-start=\"987\" data-end=\"1026\"><strong data-start=\"987\" data-end=\"1010\">Pojemno\u015b\u0107 Bass Bus:<\/strong> do <strong data-start=\"1014\" data-end=\"1026\">160 os\u00f3b<\/strong><\/p>\n<\/li>\n<\/ul>\n<p data-start=\"1028\" data-end=\"1154\">Po dokonaniu rezerwacji <strong data-start=\"1052\" data-end=\"1123\">pe\u0142na kwota za wydarzenie zostanie przes\u0142ana na podany adres e-mail<\/strong> w formie podsumowania koszt\u00f3w.<\/p>\n<hr data-start=\"1156\" data-end=\"1159\" \/>\n<h2 data-start=\"1161\" data-end=\"1184\">Zasady rezerwacji<\/h2>\n<p data-start=\"1186\" data-end=\"1223\">Aby zarezerwowa\u0107 termin dla Bass Bus:<\/p>\n<p data-start=\"1225\" data-end=\"1357\"><strong data-start=\"1225\" data-end=\"1275\">Wp\u0142acona kwota jest zadatkiem rezerwacyjnym<\/strong><br data-start=\"1275\" data-end=\"1278\" \/>Oznacza to potwierdzenie i zablokowanie wybranego terminu wy\u0142\u0105cznie dla Ciebie.<\/p>\n<p data-start=\"1359\" data-end=\"1448\"><strong data-start=\"1359\" data-end=\"1448\">Pozosta\u0142a kwota musi zosta\u0107 uregulowana najp\u00f3\u017aniej 7 dni przed terminem rezerwacji.<\/strong><\/p>\n<p data-start=\"1450\" data-end=\"1557\"><strong data-start=\"1450\" data-end=\"1520\">W przypadku braku dop\u0142aty w wymaganym terminie, zadatek przepada<\/strong>, a rezerwacja mo\u017ce zosta\u0107 anulowana.<\/p>\n<hr data-start=\"1559\" data-end=\"1562\" \/>\n<p data-start=\"1564\" data-end=\"1661\">Nie rezerwujesz tylko busa.<br data-start=\"1591\" data-end=\"1594\" \/>Rezerwujesz <strong data-start=\"1606\" data-end=\"1660\">emocje, wspomnienia i noc, kt\u00f3rej si\u0119 nie zapomina<\/strong>.<\/p>\n<p data-start=\"1663\" data-end=\"1773\" data-is-last-node=\"\" data-is-only-node=\"\">Zarezerwuj sw\u00f3j termin i wsiadaj na pok\u0142ad <strong data-start=\"1709\" data-end=\"1721\">Bass Bus<\/strong> \u2013 tam, gdzie impreza nigdy nie stoi w miejscu.<\/p>","protected":false},"excerpt":{"rendered":"<p>Wyobra\u017a sobie imprez\u0119, o kt\u00f3rej m\u00f3wi si\u0119 jeszcze d\u0142ugo po jej zako\u0144czeniu\u2026<br data-start=\"190\" data-end=\"193\" \/>\u015awiat\u0142a, pot\u0119\u017cne brzmienie, klubowy klimat i parkiet na k\u00f3\u0142kach. <strong data-start=\"258\" data-end=\"270\">Bass Bus<\/strong> to nie jest zwyk\u0142y transport \u2014 to <strong data-start=\"305\" data-end=\"348\">mobilna scena, klub i festiwal w jednym<\/strong>, kt\u00f3ry przyje\u017cd\u017ca dok\u0142adnie tam, gdzie zaczyna si\u0119 Twoje wydarzenie.<\/p>\n<h2 data-start=\"767\" data-end=\"786\">Koszt wynajmu<\/h2>\n<ul data-start=\"788\" data-end=\"1026\">\n<li data-start=\"788\" data-end=\"839\">\n<p data-start=\"790\" data-end=\"839\"><strong data-start=\"790\" data-end=\"816\">Cena wynajmu Bass Bus:<\/strong> <strong data-start=\"817\" data-end=\"837\">900 z\u0142 \/ godzina<\/strong><\/p>\n<\/li>\n<li data-start=\"788\" data-end=\"839\">\n<p data-start=\"790\" data-end=\"839\"><strong data-start=\"842\" data-end=\"869\">Minimalny czas wynajmu:<\/strong> <strong data-start=\"870\" data-end=\"883\">4 godziny<\/strong><\/p>\n<\/li>\n<li data-start=\"886\" data-end=\"984\">\n<p data-start=\"888\" data-end=\"984\"><strong data-start=\"888\" data-end=\"915\">Dodatkowy koszt dojazdu<\/strong> ustalany jest indywidualnie w zale\u017cno\u015bci od lokalizacji wydarzenia<\/p>\n<\/li>\n<li data-start=\"985\" data-end=\"1026\">\n<p data-start=\"987\" data-end=\"1026\"><strong data-start=\"987\" data-end=\"1010\">Pojemno\u015b\u0107 Bass Bus:<\/strong> do <strong data-start=\"1014\" data-end=\"1026\">160 os\u00f3b<\/strong><\/p>\n<\/li>\n<\/ul>\n<p data-start=\"1028\" data-end=\"1154\">Po dokonaniu rezerwacji <strong data-start=\"1052\" data-end=\"1123\">pe\u0142na kwota za wydarzenie zostanie przes\u0142ana na podany adres e-mail<\/strong> w formie podsumowania koszt\u00f3w.<\/p>\n<h2 data-start=\"1028\" data-end=\"1154\">Zasady rezerwacji<\/h2>\n<p data-start=\"1186\" data-end=\"1223\">Aby zarezerwowa\u0107 termin dla Bass Bus:<\/p>\n<p data-start=\"1225\" data-end=\"1357\"><strong data-start=\"1225\" data-end=\"1275\">Wp\u0142acona kwota jest zadatkiem rezerwacyjnym<\/strong><br data-start=\"1275\" data-end=\"1278\" \/>Oznacza to potwierdzenie i zablokowanie wybranego terminu wy\u0142\u0105cznie dla Ciebie.<br \/>\n<strong data-start=\"1359\" data-end=\"1448\">Pozosta\u0142a kwota musi zosta\u0107 uregulowana najp\u00f3\u017aniej 7 dni przed terminem rezerwacji.<br \/>\n<\/strong><strong data-start=\"1450\" data-end=\"1520\">W przypadku braku dop\u0142aty w wymaganym terminie, zadatek przepada<\/strong>, a rezerwacja mo\u017ce zosta\u0107 anulowana.<\/p>","protected":false},"featured_media":1182,"comment_status":"open","ping_status":"closed","template":"","meta":[],"product_brand":[],"product_cat":[24,26],"product_tag":[],"mwb_booking_cost":[],"mwb_booking_service":[],"class_list":{"0":"post-1181","1":"product","2":"type-product","3":"status-publish","4":"has-post-thumbnail","6":"product_cat-bassbus-booking","7":"product_cat-booking","9":"first","10":"instock","11":"virtual","12":"purchasable","13":"product-type-mwb_booking"},"_links":{"self":[{"href":"https:\/\/bassbus.pl\/en\/wp-json\/wp\/v2\/product\/1181","targetHints":{"allow":["GET"]}}],"collection":[{"href":"https:\/\/bassbus.pl\/en\/wp-json\/wp\/v2\/product"}],"about":[{"href":"https:\/\/bassbus.pl\/en\/wp-json\/wp\/v2\/types\/product"}],"replies":[{"embeddable":true,"href":"https:\/\/bassbus.pl\/en\/wp-json\/wp\/v2\/comments?post=1181"}],"wp:featuredmedia":[{"embeddable":true,"href":"https:\/\/bassbus.pl\/en\/wp-json\/wp\/v2\/media\/1182"}],"wp:attachment":[{"href":"https:\/\/bassbus.pl\/en\/wp-json\/wp\/v2\/media?parent=1181"}],"wp:term":[{"taxonomy":"product_brand","embeddable":true,"href":"https:\/\/bassbus.pl\/en\/wp-json\/wp\/v2\/product_brand?post=1181"},{"taxonomy":"product_cat","embeddable":true,"href":"https:\/\/bassbus.pl\/en\/wp-json\/wp\/v2\/product_cat?post=1181"},{"taxonomy":"product_tag","embeddable":true,"href":"https:\/\/bassbus.pl\/en\/wp-json\/wp\/v2\/product_tag?post=1181"},{"taxonomy":"mwb_booking_cost","embeddable":true,"href":"https:\/\/bassbus.pl\/en\/wp-json\/wp\/v2\/mwb_booking_cost?post=1181"},{"taxonomy":"mwb_booking_service","embeddable":true,"href":"https:\/\/bassbus.pl\/en\/wp-json\/wp\/v2\/mwb_booking_service?post=1181"}],"curies":[{"name":"wp","href":"https:\/\/api.w.org\/{rel}","templated":true}]}}