{"id":1249,"date":"2026-02-15T17:48:01","date_gmt":"2026-02-15T16:48:01","guid":{"rendered":"https:\/\/bassbus.pl\/?post_type=product&#038;p=1249"},"modified":"2026-04-01T19:14:48","modified_gmt":"2026-04-01T17:14:48","slug":"bassbus-tour-poznan-19-06-2026-2","status":"publish","type":"product","link":"https:\/\/bassbus.pl\/en\/product\/bassbus-tour-poznan-19-06-2026-2\/","title":{"rendered":"BassBus Tour Szczecin 19.06.2026"},"content":{"rendered":"<div class=\"flex flex-col text-sm pb-25\">\n<article class=\"text-token-text-primary w-full focus:outline-none [--shadow-height:45px] has-data-writing-block:pointer-events-none has-data-writing-block:-mt-(--shadow-height) has-data-writing-block:pt-(--shadow-height) [&amp;:has([data-writing-block])&gt;*]:pointer-events-auto scroll-mt-[calc(var(--header-height)+min(200px,max(70px,20svh)))]\" dir=\"auto\" tabindex=\"-1\" data-turn-id=\"request-WEB:1f4d58ee-a774-4b2e-b79f-137a8640c30b-1\" data-testid=\"conversation-turn-4\" data-scroll-anchor=\"true\" data-turn=\"assistant\">\n<div class=\"text-base my-auto mx-auto pb-10 [--thread-content-margin:--spacing(4)] @w-sm\/main:[--thread-content-margin:--spacing(6)] @w-lg\/main:[--thread-content-margin:--spacing(16)] px-(--thread-content-margin)\">\n<div class=\"[--thread-content-max-width:40rem] @w-lg\/main:[--thread-content-max-width:48rem] mx-auto max-w-(--thread-content-max-width) flex-1 group\/turn-messages focus-visible:outline-hidden relative flex w-full min-w-0 flex-col agent-turn\" tabindex=\"-1\">\n<div class=\"flex max-w-full flex-col grow\">\n<div class=\"min-h-8 text-message relative flex w-full flex-col items-end gap-2 text-start break-words whitespace-normal [.text-message+&amp;]:mt-1\" dir=\"auto\" data-message-author-role=\"assistant\" data-message-id=\"ab06f801-a23f-4914-9212-229b0039d96e\" data-message-model-slug=\"gpt-5-2\">\n<div class=\"flex w-full flex-col gap-1 empty:hidden first:pt-[1px]\">\n<div class=\"markdown prose dark:prose-invert w-full wrap-break-word dark markdown-new-styling\">\n<p data-start=\"0\" data-end=\"96\">\ud83c\udf9f\ufe0f <strong data-start=\"4\" data-end=\"38\">BILETY \u2013 SZCZECIN \/ 19.06.2026<\/strong><br data-start=\"38\" data-end=\"41\" \/><strong data-start=\"41\" data-end=\"96\">Trzeci przystanek BassBus Tour zatrzymuje si\u0119 tutaj<\/strong><\/p>\n<p data-start=\"98\" data-end=\"323\">To nie jest zwyk\u0142y bilet na imprez\u0119.<br data-start=\"134\" data-end=\"137\" \/>To wej\u015bcie na trzeci kurs Bass Bus \u2014 noc, w kt\u00f3rej trasa nabiera pe\u0142nej pr\u0119dko\u015bci, a energia z poprzednich przystank\u00f3w spotyka si\u0119 w jednym miejscu, tworz\u0105c kolejn\u0105 histori\u0119 tej podr\u00f3\u017cy.<\/p>\n<p data-start=\"325\" data-end=\"511\">\ud83d\udccd <strong data-start=\"328\" data-end=\"339\">Miasto:<\/strong> Szczecin<br data-start=\"348\" data-end=\"351\" \/>\ud83d\udcc5 <strong data-start=\"354\" data-end=\"363\">Data:<\/strong> 19 czerwca 2026<br data-start=\"379\" data-end=\"382\" \/>\ud83d\ude8c <strong data-start=\"385\" data-end=\"400\">Wydarzenie:<\/strong> 3. przystanek BassBus Tour<br data-start=\"427\" data-end=\"430\" \/>\ud83c\udfab <strong data-start=\"433\" data-end=\"449\">Cena biletu:<\/strong> 150 z\u0142<br data-start=\"456\" data-end=\"459\" \/>\ud83d\udd0a <strong data-start=\"462\" data-end=\"479\">Na pok\u0142adzie:<\/strong> Lady4Sounds \u2022 CjStone \u2022 MattBukovski \u2022 NoName<\/p>\n<hr data-start=\"513\" data-end=\"516\" \/>\n<p data-start=\"518\" data-end=\"537\">\ud83d\ude8c <strong data-start=\"521\" data-end=\"537\">CO KUPUJESZ?<\/strong><\/p>\n<p data-start=\"539\" data-end=\"751\">Kupuj\u0105c bilet, nie rezerwujesz miejsca pod scen\u0105.<br data-start=\"588\" data-end=\"591\" \/>Rezerwujesz miejsce w ruchu \u2014 w mobilnym klubie, gdzie d\u017awi\u0119k, \u015bwiat\u0142o i energia tworz\u0105 do\u015bwiadczenie, kt\u00f3rego nie da si\u0119 odtworzy\u0107 w \u017cadnej sta\u0142ej lokalizacji.<\/p>\n<p data-start=\"753\" data-end=\"859\">To trzeci przejazd. Kolejna noc. Kolejny rozdzia\u0142 historii, kt\u00f3r\u0105 tworz\u0105 tylko ci, kt\u00f3rzy s\u0105 na pok\u0142adzie.<\/p>\n<hr data-start=\"861\" data-end=\"864\" \/>\n<p data-start=\"866\" data-end=\"889\">\u26a0\ufe0f <strong data-start=\"869\" data-end=\"889\">WA\u017bNE INFORMACJE<\/strong><\/p>\n<ul data-start=\"891\" data-end=\"1174\">\n<li data-start=\"891\" data-end=\"954\">\n<p data-start=\"893\" data-end=\"954\">Liczba miejsc jest mocno ograniczona \u2013 to autobus, nie hala<\/p>\n<\/li>\n<li data-start=\"955\" data-end=\"1030\">\n<p data-start=\"957\" data-end=\"1030\">Lokalizacja startowa zostanie podana bli\u017cej wydarzenia osobom z biletem<\/p>\n<\/li>\n<li data-start=\"1031\" data-end=\"1080\">\n<p data-start=\"1033\" data-end=\"1080\">Wydarzenie przeznaczone dla os\u00f3b pe\u0142noletnich<\/p>\n<\/li>\n<li data-start=\"1081\" data-end=\"1174\">\n<p data-start=\"1083\" data-end=\"1174\">To do\u015bwiadczenie intensywne d\u017awi\u0119kowo i wizualnie \u2013 przygotuj si\u0119 na pe\u0142ne zanurzenie w noc<\/p>\n<\/li>\n<\/ul>\n<hr data-start=\"1176\" data-end=\"1179\" \/>\n<p data-start=\"1181\" data-end=\"1212\">\ud83d\udd0a <strong data-start=\"1184\" data-end=\"1212\">DLA KOGO JEST TEN BILET?<\/strong><\/p>\n<p data-start=\"1214\" data-end=\"1414\">Dla tych, kt\u00f3rzy nie chc\u0105 sta\u0107 z boku.<br data-start=\"1252\" data-end=\"1255\" \/>Dla tych, kt\u00f3rzy wol\u0105 czu\u0107 bas w klatce piersiowej ni\u017c ogl\u0105da\u0107 relacje nast\u0119pnego dnia.<br data-start=\"1342\" data-end=\"1345\" \/>Dla tych, kt\u00f3rzy chc\u0105 powiedzie\u0107: <em data-start=\"1379\" data-end=\"1414\">\u201eBy\u0142em na Bass Bus w Szczecinie.\u201d<\/em><\/p>\n<hr data-start=\"1416\" data-end=\"1419\" \/>\n<p data-start=\"1421\" data-end=\"1445\">\ud83c\udfab <strong data-start=\"1424\" data-end=\"1445\">GOTOWY NA PODR\u00d3\u017b?<\/strong><\/p>\n<p data-start=\"1447\" data-end=\"1573\">Nie odk\u0142adaj decyzji. Ka\u017cdy przystanek BassBus to inna historia \u2014 a trzeci kurs to moment, kiedy trasa naprawd\u0119 nabiera tempa.<\/p>\n<p data-start=\"1575\" data-end=\"1680\">\ud83d\udc49 <strong data-start=\"1578\" data-end=\"1616\">KUP BILET NA SZCZECIN \u2013 19.06.2026<\/strong><br data-start=\"1616\" data-end=\"1619\" \/>\ud83d\udc49 <strong data-start=\"1622\" data-end=\"1655\">ZAREZERWUJ MIEJSCE W BASS BUS<\/strong><br data-start=\"1655\" data-end=\"1658\" \/>\ud83d\udc49 <strong data-start=\"1661\" data-end=\"1680\">DO\u0141\u0104CZ DO TRASY<\/strong><\/p>\n<p data-start=\"1682\" data-end=\"1760\" data-is-last-node=\"\" data-is-only-node=\"\"><strong data-start=\"1682\" data-end=\"1698\">BassBus Tour<\/strong><br data-start=\"1698\" data-end=\"1701\" \/>Trzecia noc. Nowi pasa\u017cerowie. Historia wci\u0105\u017c w ruchu. \ud83d\ude8c\ud83d\udd0a<\/p>\n<\/div>\n<\/div>\n<\/div>\n<\/div>\n<div class=\"z-0 flex min-h-[46px] justify-start\"><\/div>\n<div class=\"mt-3 w-full empty:hidden\">\n<div class=\"text-center\"><\/div>\n<\/div>\n<\/div>\n<\/div>\n<\/article>\n<\/div>\n<div class=\"pointer-events-none h-px w-px absolute bottom-0\" aria-hidden=\"true\" data-edge=\"true\"><\/div>\n","protected":false},"excerpt":{"rendered":"<p data-start=\"0\" data-end=\"96\"><strong data-start=\"41\" data-end=\"96\">Trzeci przystanek BassBus Tour zatrzymuje si\u0119 tutaj<\/strong><\/p>\n<p data-start=\"98\" data-end=\"323\">To nie jest zwyk\u0142y bilet na imprez\u0119.<br data-start=\"134\" data-end=\"137\" \/>To wej\u015bcie na trzeci kurs Bass Bus \u2014 noc, w kt\u00f3rej trasa nabiera pe\u0142nej pr\u0119dko\u015bci, a energia z poprzednich przystank\u00f3w spotyka si\u0119 w jednym miejscu, tworz\u0105c kolejn\u0105 histori\u0119 tej podr\u00f3\u017cy.<\/p>\n<p data-start=\"325\" data-end=\"511\">\ud83d\udccd <strong data-start=\"328\" data-end=\"339\">Miasto:<\/strong> Szczecin<br data-start=\"348\" data-end=\"351\" \/>\ud83d\udcc5 <strong data-start=\"354\" data-end=\"363\">Data:<\/strong> 19 czerwca 2026<br data-start=\"379\" data-end=\"382\" \/>\ud83d\ude8c <strong data-start=\"385\" data-end=\"400\">Wydarzenie:<\/strong> 3. przystanek BassBus Tour<br data-start=\"427\" data-end=\"430\" \/>\ud83c\udfab <strong data-start=\"433\" data-end=\"449\">Cena biletu:<\/strong> 150 z\u0142<br data-start=\"456\" data-end=\"459\" \/>\ud83d\udd0a <strong data-start=\"462\" data-end=\"479\">Na pok\u0142adzie:<\/strong> Lady4Sounds \u2022 CjStone \u2022 MattBukovski \u2022 NoName<\/p>","protected":false},"featured_media":1250,"comment_status":"open","ping_status":"closed","template":"","meta":[],"product_brand":[],"product_cat":[28],"product_tag":[],"mwb_booking_cost":[],"mwb_booking_service":[],"class_list":{"0":"post-1249","1":"product","2":"type-product","3":"status-publish","4":"has-post-thumbnail","6":"product_cat-bilety","8":"first","9":"instock","10":"virtual","11":"purchasable","12":"product-type-simple"},"_links":{"self":[{"href":"https:\/\/bassbus.pl\/en\/wp-json\/wp\/v2\/product\/1249","targetHints":{"allow":["GET"]}}],"collection":[{"href":"https:\/\/bassbus.pl\/en\/wp-json\/wp\/v2\/product"}],"about":[{"href":"https:\/\/bassbus.pl\/en\/wp-json\/wp\/v2\/types\/product"}],"replies":[{"embeddable":true,"href":"https:\/\/bassbus.pl\/en\/wp-json\/wp\/v2\/comments?post=1249"}],"wp:featuredmedia":[{"embeddable":true,"href":"https:\/\/bassbus.pl\/en\/wp-json\/wp\/v2\/media\/1250"}],"wp:attachment":[{"href":"https:\/\/bassbus.pl\/en\/wp-json\/wp\/v2\/media?parent=1249"}],"wp:term":[{"taxonomy":"product_brand","embeddable":true,"href":"https:\/\/bassbus.pl\/en\/wp-json\/wp\/v2\/product_brand?post=1249"},{"taxonomy":"product_cat","embeddable":true,"href":"https:\/\/bassbus.pl\/en\/wp-json\/wp\/v2\/product_cat?post=1249"},{"taxonomy":"product_tag","embeddable":true,"href":"https:\/\/bassbus.pl\/en\/wp-json\/wp\/v2\/product_tag?post=1249"},{"taxonomy":"mwb_booking_cost","embeddable":true,"href":"https:\/\/bassbus.pl\/en\/wp-json\/wp\/v2\/mwb_booking_cost?post=1249"},{"taxonomy":"mwb_booking_service","embeddable":true,"href":"https:\/\/bassbus.pl\/en\/wp-json\/wp\/v2\/mwb_booking_service?post=1249"}],"curies":[{"name":"wp","href":"https:\/\/api.w.org\/{rel}","templated":true}]}}